{"id":7,"date":"2014-11-12T08:18:34","date_gmt":"2014-11-12T08:18:34","guid":{"rendered":"http:\/\/shkoder.net\/go\/it\/?page_id=2"},"modified":"2020-09-27T15:22:21","modified_gmt":"2020-09-27T13:22:21","slug":"parola-libero","status":"publish","type":"page","link":"https:\/\/shkoder.net\/it\/parola-libero\/","title":{"rendered":"Parola libero"},"content":{"rendered":"<p>\u00bb\u00bb Per favore, vai a [ <a href=\"http:\/\/www.fjala.info\/\" target=\"_blank\" rel=\"noopener noreferrer\"><b>FJALA e LIR\u00cb<\/b><\/a> ] (<em>Parola libero<\/em>) (<em>suplemente di\u00a0<a href=\"https:\/\/shkoder.net\" rel=\"noopener\">Shkoder.net<\/a>&#8230; con pubblicazioni quotidiane &#8211; la maggior parte in albanese.<\/em>)<\/p>\n<p><img decoding=\"async\" class=\"alignleft size-thumbnail wp-image-7236\" title=\"Visita Fjala e Lir\u00eb\" src=\"http:\/\/www.shkoder.net\/arben_cokaj.jpg\" alt=\"\" width=\"100\" \/> <a href=\"http:\/\/www.fjala.info\/\" target=\"_blank\" rel=\"noopener noreferrer\"><b>Parola libero<\/b><\/a>\u00a0\u00e8 un sito web che si occupa di pubblicazioni di <em>scritti <\/em>, <em>Commenti<\/em>, <em>opinioni<\/em> e diversi <em>analisi<\/em>, con carattere nazionale e altri scritti, con un interesse sociale e albanese.<\/p>\n<p>Scritti possono essere inviati sul nostro indirizzo e-mail (in basso) da nostri collaboratori, ma possiamo pubblicare anche diversi scritti dalla stampa &amp; media giornaliera. Contattaci anche tramite con <a href=\"http:\/\/shkoder.net\/go\/en\/?page_id=26\">Modulo di contatto<\/a> anche E-mail: <a href=\"mailto:info@fjala.info\"><b>info<\/b> at <b>fjala.info<\/b><\/a>.<\/p>\n<p><b>Parola libero<\/b>\u00a0viene creata in base alla piattaforma pi\u00f9 potente di pubblicazioni Semantico <a href=\"http:\/\/www.wordpress.org\/\" target=\"_blank\" rel=\"noopener noreferrer\">WordPress<\/a>.<\/p>\n<blockquote><p><b>WordPress<\/b>\u00a0\u00e8 anche tradotto in Lingua albanese. Vi \u00e8 una traduzione ufficiale in <a href=\"http:\/\/www.WordPress.org\" target=\"_blank\" rel=\"noopener noreferrer\">WordPress.org<\/a>, che non \u00e8 un tale traduzione di buona qualit\u00e0, ma \u00e8 possibile scaricare la nostra traduzione, dal nostro sito: <a href=\"http:\/\/www.bmconline.info\/\" target=\"_blank\" rel=\"noopener noreferrer\">BMC online<\/a>.<\/p><\/blockquote>\n<p><center>Cordiali saluti,<br \/>\n<b>Arben \u00c7okaj<\/b><br \/>\nAdministratore<\/center>&nbsp;<\/p>\n<p><img decoding=\"async\" class=\"aligncenter\" src=\"http:\/\/shkoder.net\/images\/shkodra\/shkoder_pamje.jpg\" width=\"600\" \/><\/p>\n","protected":false},"excerpt":{"rendered":"<p>\u00bb\u00bb Per favore, vai a [ FJALA e LIR\u00cb ] (Parola libero) (suplemente di\u00a0Shkoder.net&#8230; con pubblicazioni quotidiane &#8211; la maggior parte in albanese.) Parola libero\u00a0\u00e8 un sito web che si occupa di pubblicazioni di scritti , Commenti, opinioni e diversi analisi, con carattere nazionale e altri scritti, con un interesse sociale e albanese. Scritti possono [&hellip;]<\/p>\n","protected":false},"author":1,"featured_media":343,"parent":0,"menu_order":0,"comment_status":"open","ping_status":"open","template":"","meta":{"footnotes":""},"class_list":["post-7","page","type-page","status-publish","has-post-thumbnail"],"_links":{"self":[{"href":"https:\/\/shkoder.net\/it\/wp-json\/wp\/v2\/pages\/7","targetHints":{"allow":["GET"]}}],"collection":[{"href":"https:\/\/shkoder.net\/it\/wp-json\/wp\/v2\/pages"}],"about":[{"href":"https:\/\/shkoder.net\/it\/wp-json\/wp\/v2\/types\/page"}],"author":[{"embeddable":true,"href":"https:\/\/shkoder.net\/it\/wp-json\/wp\/v2\/users\/1"}],"replies":[{"embeddable":true,"href":"https:\/\/shkoder.net\/it\/wp-json\/wp\/v2\/comments?post=7"}],"version-history":[{"count":3,"href":"https:\/\/shkoder.net\/it\/wp-json\/wp\/v2\/pages\/7\/revisions"}],"predecessor-version":[{"id":345,"href":"https:\/\/shkoder.net\/it\/wp-json\/wp\/v2\/pages\/7\/revisions\/345"}],"wp:featuredmedia":[{"embeddable":true,"href":"https:\/\/shkoder.net\/it\/wp-json\/wp\/v2\/media\/343"}],"wp:attachment":[{"href":"https:\/\/shkoder.net\/it\/wp-json\/wp\/v2\/media?parent=7"}],"curies":[{"name":"wp","href":"https:\/\/api.w.org\/{rel}","templated":true}]}}