{"id":17,"date":"2014-11-13T17:51:39","date_gmt":"2014-11-13T16:51:39","guid":{"rendered":"http:\/\/shkoder.net\/go\/it\/?page_id=17"},"modified":"2020-09-27T15:15:47","modified_gmt":"2020-09-27T13:15:47","slug":"informazioni","status":"publish","type":"page","link":"https:\/\/shkoder.net\/it\/informazioni\/","title":{"rendered":"Informazioni"},"content":{"rendered":"<p><img decoding=\"async\" src=\"http:\/\/www.shkoder.net\/images\/shkodra\/district.gif\" alt=\"Distretto di Scutari\" width=\"120\" align=\"right\" border=\"1\" hspace=\"10\" \/><a href=\"http:\/\/shkoder.net\/go\/en\/?p=120\">Distretto di Scutari<\/a> compone di quartiere Scutari, Highland e Puka. Distretto presidente ha sede in Prefettura di un edificio, dove sono i consiglieri eletti dalle rispettive aree. Distretto di Scutari \u00e8 tra i pi\u00f9 grandi contee in Albania anche&#8230;<\/p>\n<p><center>| <a href=\"http:\/\/shkoder.net\/en\/?p=120\">di pi\u00f9 in Inglese&#8230;<\/a><\/center>&nbsp;<\/p>\n<p><img decoding=\"async\" class=\"aligncenter\" src=\"http:\/\/shkoder.net\/images\/prefektura.jpg\" width=\"600\" \/><\/p>\n","protected":false},"excerpt":{"rendered":"<p>Distretto di Scutari compone di quartiere Scutari, Highland e Puka. Distretto presidente ha sede in Prefettura di un edificio, dove sono i consiglieri eletti dalle rispettive aree. Distretto di Scutari \u00e8 tra i pi\u00f9 grandi contee in Albania anche&#8230; | di pi\u00f9 in Inglese&#8230;&nbsp;<\/p>\n","protected":false},"author":1,"featured_media":339,"parent":0,"menu_order":0,"comment_status":"open","ping_status":"open","template":"","meta":{"footnotes":""},"class_list":["post-17","page","type-page","status-publish","has-post-thumbnail"],"_links":{"self":[{"href":"https:\/\/shkoder.net\/it\/wp-json\/wp\/v2\/pages\/17","targetHints":{"allow":["GET"]}}],"collection":[{"href":"https:\/\/shkoder.net\/it\/wp-json\/wp\/v2\/pages"}],"about":[{"href":"https:\/\/shkoder.net\/it\/wp-json\/wp\/v2\/types\/page"}],"author":[{"embeddable":true,"href":"https:\/\/shkoder.net\/it\/wp-json\/wp\/v2\/users\/1"}],"replies":[{"embeddable":true,"href":"https:\/\/shkoder.net\/it\/wp-json\/wp\/v2\/comments?post=17"}],"version-history":[{"count":3,"href":"https:\/\/shkoder.net\/it\/wp-json\/wp\/v2\/pages\/17\/revisions"}],"predecessor-version":[{"id":340,"href":"https:\/\/shkoder.net\/it\/wp-json\/wp\/v2\/pages\/17\/revisions\/340"}],"wp:featuredmedia":[{"embeddable":true,"href":"https:\/\/shkoder.net\/it\/wp-json\/wp\/v2\/media\/339"}],"wp:attachment":[{"href":"https:\/\/shkoder.net\/it\/wp-json\/wp\/v2\/media?parent=17"}],"curies":[{"name":"wp","href":"https:\/\/api.w.org\/{rel}","templated":true}]}}