{"id":35,"date":"2014-11-12T22:43:25","date_gmt":"2014-11-12T21:43:25","guid":{"rendered":"http:\/\/shkoder.net\/go\/en\/?page_id=35"},"modified":"2020-09-28T02:56:27","modified_gmt":"2020-09-28T00:56:27","slug":"about-us","status":"publish","type":"page","link":"https:\/\/shkoder.net\/en\/about-us\/","title":{"rendered":"About Us"},"content":{"rendered":"<p><img decoding=\"async\" class=\"alignright\" src=\"http:\/\/shkoder.net\/images\/about_us.jpg\" width=\"300\" \/> <em><strong>Shkoder.net&#8230;<\/strong> has been made possible thanks to a voluntary work of several years, and we thank all those people who have helped us. Now we are publishing more in the Suplement of Shkoder.net&#8230; <a href=\"https:\/\/fjala.info\/\" target=\"_blank\" rel=\"noopener noreferrer\">Free of Speech<\/a>&#8230; Visit us there!<\/em><\/p>\n<table border=\"0\" cellspacing=\"5\" cellpadding=\"6\" align=\"center\">\n<tbody>\n<tr>\n<td valign=\"top\" bgcolor=\"#f1f6fa\" width=\"50%\">\n<div align=\"right\"><span style=\"color: #999;\"><b><em>shqip<\/em><\/b><\/span><\/div>\n<h3><strong>T\u00eb drejtat<\/strong><\/h3>\n<p><em><b>e Uebfaqes Shkoder.net&#8230;<\/b><\/em><\/p>\n<ul>\n<li><b>Ideja dhe q\u00ebllimi<\/b><\/li>\n<\/ul>\n<p>Ideja ka qen\u00eb q\u00eb n\u00eb fillim: <em>krijimi i nj\u00eb uebfaqeje standarte p\u00ebr Shkodr\u00ebn<\/em> &#8211; p\u00ebr k\u00ebt\u00eb qytet t\u00eb lasht\u00eb n\u00eb veri-per\u00ebndim t\u00eb Shqip\u00ebris\u00eb. N\u00eb bashk\u00ebpunim me m\u00ebsuesin e anglishtes s\u00eb shkoll\u00ebs s\u00eb mesme, <a href=\"mailto:sokolrama@aol.com?subject=Shkoder.net...\">Sokol Rama<\/a>, q\u00eb banon n\u00eb New York, kemi b\u00ebr\u00eb t\u00eb mundur k\u00ebt\u00eb uebfaqe n\u00eb vitin 1998. Nj\u00eb ndihm\u00eb e madhe ka ardhur m\u00eb pas nga <a href=\"http:\/\/traboini.blogspot.com\/\" target=\"_blank\" rel=\"noopener noreferrer\">Kolec Traboini<\/a>, shkrimtar dhe gazetar shkodran nga Bostoni, dhe pastaj nga <a href=\"mailto:klajdkapinova@yahoo.com?subject=Shkoder.net...\">Klajd Kapinova<\/a>, shkrimtar dhe gazetar shkodran nga Nju Jorku. Uebfaqja \u00ebsht\u00eb krijuar si nj\u00eb dritare p\u00ebr Shkodr\u00ebn, p\u00ebr t\u00eb gjith\u00eb shkodran\u00ebt dhe shqiptar\u00ebt kudo q\u00eb ndodhen, por ka edhe informacione t\u00eb mjaftueshme p\u00ebr t\u00eb huajt, q\u00eb jan\u00eb t\u00eb interesuar t\u00eb njohin Shkodr\u00ebn. Uebfaqja ka ardhur duke u pasuruar dhe ndryshuar me koh\u00ebn, por kuptohet se do shum\u00eb pun\u00eb dhe \u00ebsht\u00eb ende larg asaj, q\u00eb duhet t\u00eb jet\u00eb n\u00eb t\u00eb v\u00ebrtet\u00eb&#8230;<\/p>\n<ul>\n<li><b>Uebdizajni dhe t\u00eb drejtat e autorit<\/b><\/li>\n<\/ul>\n<p>Dizajni i uebfaqes \u00ebsht\u00eb b\u00ebr\u00eb nga <a href=\"https:\/\/cokaj.com\/\" target=\"_blank\" rel=\"noopener noreferrer\">Arben \u00c7okaj<\/a> dhe uebfaqja mir\u00ebmbahet prej tij. <b>\u00a9 Copyrights<\/b>, ose t\u00eb drejtat e autorit, p\u00ebr t\u00eb gjith\u00eb uebfaqen i p\u00ebrkasin <a href=\"https:\/\/cokaj.com\/\" target=\"_blank\" rel=\"noopener noreferrer\">Arben \u00c7okaj<\/a>, kur nuk specifikohet em\u00ebr tjet\u00ebr. Kopjimi dhe p\u00ebrdorimi i materialeve nga uebfaqja Shkoder.net&#8230;, lejohet vet\u00ebm p\u00ebr q\u00ebllime jo-p\u00ebrfituese. Jeni t\u00eb lutur t\u00eb na <a href=\"http:\/\/shkoder.net\/en\/contact\">kontaktoni<\/a>, kur doni t\u00eb huazoni materiale nga uebfaqja jon\u00eb. Materialet e paraqitura n\u00eb k\u00ebt\u00eb uebfaqe, jan\u00eb marr\u00eb nga <a href=\"http:\/\/shkoder.net\/en\/about-us\/\">bashk\u00ebpun\u00ebtor\u00ebt dhe kontribuesit tan\u00eb<\/a>, dhe nj\u00eb pjes\u00eb e tyre jan\u00eb mbledhur nga burime t\u00eb ndryshme. Uebfaqja nuk ka karakter p\u00ebrfitimi, prandaj nuk mbajm\u00eb p\u00ebrgjegj\u00ebsi financiare p\u00ebr materialet.<\/p>\n<ul>\n<li><b>Lidhjet e jashtme<\/b><\/li>\n<\/ul>\n<p>Ekzistojn\u00eb lidhje t\u00eb ndryshme t\u00eb jashtme, q\u00eb prezantohen n\u00eb uebfaqe, p\u00ebr t\u00eb cilat nuk mbajm\u00eb p\u00ebrgjegj\u00ebsi, n\u00ebse ato nuk funksionojn\u00eb si duhet, pasi jan\u00eb uebfaqe, q\u00eb nuk kontrollohen nga ne.<\/p>\n<ul>\n<li><b>Gjuh\u00ebt e p\u00ebrdorura<\/b><\/li>\n<\/ul>\n<p>Gjuh\u00ebt jepen lart, n\u00eb krye. Mund t\u00eb klikoni mbi gjuh\u00ebn [ <b><a href=\"http:\/\/shkoder.net\/\">Shqip<\/a><\/b> ose <b><a href=\"http:\/\/shkoder.net\/en\/\">English<\/a><\/b>, dhe p\u00ebr faqet kryesore t\u00eb tyre n\u00eb <i><a href=\"http:\/\/shkoder.net\/dk\">Dansk<\/a><\/i>, <i><a href=\"http:\/\/shkoder.net\/de\/\">Deutsch<\/a><\/i> ose <i><a href=\"http:\/\/shkoder.net\/it\/\">Italiano<\/a><\/i> ], q\u00eb \u00ebsht\u00eb m\u00eb e njohur p\u00ebr ju. N\u00eb menyn\u00eb e gjuh\u00ebs respektive do t\u00eb keni mund\u00ebsi t\u00eb klikoni p\u00ebr temat kryesore t\u00eb uebfaqes, t\u00eb paraqitura aty. Ka <em>lidhje<\/em> dhe tema t\u00eb ndryshme n\u00eb k\u00ebt\u00eb faqe, t\u00eb cilat ju drejtojn\u00eb p\u00ebr tek informacioni i d\u00ebshiruar.<\/p>\n<p>Ju urojm\u00eb vizit\u00eb t\u00eb k\u00ebndshme!<br \/>\nN\u00eb krye, n\u00eb t\u00eb djatht\u00eb t\u00eb shumic\u00ebs s\u00eb faqeve, kemi shtuar nj\u00eb funksion p\u00ebrkthimi nga <em>Google Translate<\/em>.<\/p>\n<p>\/ <a href=\"https:\/\/cokaj.com\/\" target=\"_blank\" rel=\"noopener noreferrer\">Arben \u00c7okaj<\/a> &#8211; <em>admin<\/em><\/td>\n<td valign=\"top\" bgcolor=\"#f6f6e6\">\n<div align=\"right\"><span style=\"color: #999;\"><b><em>english<\/em><\/b><\/span><\/div>\n<h3><strong>Copyrights<\/strong><\/h3>\n<p><em><b>of the Website Shkoder.net&#8230;<\/b><\/em><\/p>\n<ul>\n<li><b>The idea and the purpose<\/b><\/li>\n<\/ul>\n<p>The idea was to make a <em>comprehensive Web Site about Shkodra<\/em> &#8211; this ancient town in North-West Albania. In cooperation with my English teacher from the high school, <a href=\"mailto:sokolrama@aol.com?subject=Shkoder.net...\">Sokol Rama<\/a>, who lives in New York, we have done this possible. Sokol Rama has gathered some important information in the beginning and later has supported this web site with meaningful ideas. A great help has come also from <a href=\"http:\/\/traboini.blogspot.com\/\" target=\"_blank\" rel=\"noopener noreferrer\">Kolec Traboini<\/a>, writer and publisher from Boston, and also by <a href=\"mailto:klajdkapinova@yahoo.com?subject=Shkoder.net...\">Klajd Kapinova<\/a>, writer and journalist from New York, and other contributors, too. This web site is primarily created for Shkodrans and Albanians around the world, but it can also be used as a source of information for foreigners, too, which are interested in knowing Shkodra and more. It&#8217;s for sure a lot of work and <a href=\"http:\/\/shkoder.net\/\">Shkoder.net&#8230;<\/a> is still far from what it should really be&#8230;<\/p>\n<ul>\n<li><b>Web-design and Copyrights<\/b><\/li>\n<\/ul>\n<p>The Web Design of <a href=\"http:\/\/shkoder.net\/\">Shkoder.net&#8230;<\/a> is completely done by <a href=\"https:\/\/cokaj.com\/\" target=\"_blank\" rel=\"noopener noreferrer\">Arben \u00c7okaj<\/a>. <strong>\u00a9 Copyrights<\/strong> belongs to <a href=\"https:\/\/cokaj.com\/\" target=\"_blank\" rel=\"noopener noreferrer\">Arben \u00c7okaj<\/a> alone, too. <em>Copy<\/em>, <em>Download<\/em> and the <em>use<\/em> of the information from <a href=\"http:\/\/shkoder.net\/\">Shkoder.net&#8230;<\/a>, are only permitted for non-profit purposes, where the source is mentioned. Please <a href=\"http:\/\/shkoder.net\/en\/contact\">contact us<\/a> for the permission. We appreciate the help of <a href=\"http:\/\/shkoder.net\/en\/about-us\">other co-workers and contributors<\/a> of this web site, too. The web site <a href=\"http:\/\/shkoder.net\/\">Shkoder.net<\/a> is a non-profit internet source of information, therefore we do not hold financial responsibility for the context given into this page. We generally refer to the source of information presented in our web site.<\/p>\n<ul>\n<li><b>External Links<\/b><\/li>\n<\/ul>\n<p>There are different <em>external links<\/em> presented in this site, but we are not responsible if they do not function as it should, or about the context of those sites, which are not under our control.<\/p>\n<ul>\n<li><b>Languages<\/b><\/li>\n<\/ul>\n<p>There are used two main languages on the top of the web site. You have the possibility to chose the language you&#8217;d like: <b><a href=\"http:\/\/shkoder.net\/\">Shqip<\/a><\/b> or <b><a href=\"http:\/\/shkoder.net\/en\/\">English<\/a><\/b> (The first pages are available also in: <i><a href=\"http:\/\/shkoder.net\/dk\/\">Dansk<\/a><\/i>, <i><a href=\"http:\/\/shkoder.net\/de\/\">Deutsch<\/a><\/i> and <i><a href=\"http:\/\/shkoder.net\/it\/\">Italiano<\/a><\/i>). By clicking into the specific language, you&#8217;ll get the <i>web site<\/i> in the proper language that you are more familiar with, and by clicking on the menu items, you have also the possibility to surf into this page. I wish you a good surf!<\/p>\n<p>On the top of some pages, on the right side, we have often added a translation function from <em>Google Translate<\/em>.<\/p>\n<p>\/ <a href=\"https:\/\/cokaj.com\/\" target=\"_blank\" rel=\"noopener noreferrer\">Arben \u00c7okaj<\/a> &#8211; <em>admin<\/em><\/td>\n<\/tr>\n<\/tbody>\n<\/table>\n","protected":false},"excerpt":{"rendered":"<p>Shkoder.net&#8230; has been made possible thanks to a voluntary work of several years, and we thank all those people who have helped us. Now we are publishing more in the Suplement of Shkoder.net&#8230; Free of Speech&#8230; Visit us there! shqip T\u00eb drejtat e Uebfaqes Shkoder.net&#8230; Ideja dhe q\u00ebllimi Ideja ka qen\u00eb q\u00eb n\u00eb fillim: krijimi [&hellip;]<\/p>\n","protected":false},"author":1,"featured_media":771,"parent":0,"menu_order":0,"comment_status":"open","ping_status":"open","template":"","meta":{"footnotes":""},"class_list":["post-35","page","type-page","status-publish","has-post-thumbnail"],"_links":{"self":[{"href":"https:\/\/shkoder.net\/en\/wp-json\/wp\/v2\/pages\/35","targetHints":{"allow":["GET"]}}],"collection":[{"href":"https:\/\/shkoder.net\/en\/wp-json\/wp\/v2\/pages"}],"about":[{"href":"https:\/\/shkoder.net\/en\/wp-json\/wp\/v2\/types\/page"}],"author":[{"embeddable":true,"href":"https:\/\/shkoder.net\/en\/wp-json\/wp\/v2\/users\/1"}],"replies":[{"embeddable":true,"href":"https:\/\/shkoder.net\/en\/wp-json\/wp\/v2\/comments?post=35"}],"version-history":[{"count":5,"href":"https:\/\/shkoder.net\/en\/wp-json\/wp\/v2\/pages\/35\/revisions"}],"predecessor-version":[{"id":823,"href":"https:\/\/shkoder.net\/en\/wp-json\/wp\/v2\/pages\/35\/revisions\/823"}],"wp:featuredmedia":[{"embeddable":true,"href":"https:\/\/shkoder.net\/en\/wp-json\/wp\/v2\/media\/771"}],"wp:attachment":[{"href":"https:\/\/shkoder.net\/en\/wp-json\/wp\/v2\/media?parent=35"}],"curies":[{"name":"wp","href":"https:\/\/api.w.org\/{rel}","templated":true}]}}