{"id":9,"date":"2014-11-13T16:04:42","date_gmt":"2014-11-13T15:04:42","guid":{"rendered":"http:\/\/shkoder.net\/go\/dk\/?page_id=9"},"modified":"2020-09-27T11:30:15","modified_gmt":"2020-09-27T09:30:15","slug":"historie","status":"publish","type":"page","link":"https:\/\/shkoder.net\/dk\/historie\/","title":{"rendered":"Historie"},"content":{"rendered":"<p><img decoding=\"async\" src=\"http:\/\/www.shkoder.net\/images\/athina_qyqe.jpg\" alt=\"Athen - g\u00f8g\" width=\"120\" align=\"left\" border=\"0\" hspace=\"10\" \/> Shkodra er centrum for et bagland beboet uafbrudt, hvor der er fundet spor, siden \u00c6ldste stenalder (Old Stone) medium, og siden yngre stenalder (New Stone) igangv\u00e6rende udgravninger har afsl\u00f8ret livsstil, der kommer op til i dag.<\/p>\n<p>I f\u00f8dderne af Tepes bakker, p\u00e5 den sydlige side af byen i dag, begynder ark\u00e6ologiske materiale til \u00e6ldre bronzealder (2000 f.Kr.). I det V-IV f.Kr., opf\u00f8relsen af \u200b\u200b<a href=\"http:\/\/shkoder.net\/dk\/?p=26\">f\u00e6stningen Rozafa<\/a> begyndte &#8211; de sammenh\u00e6ngende Cyclopean sten uden m\u00f8rtel. Slottet ligger p\u00e5 en relativt stenet bakke ved indgangen til byen, i en h\u00f8jde af 130 m&#8230;<\/p>\n<p><center>| <a href=\"http:\/\/shkoder.net\/en\/?page_id=16\">mere p\u00e5 Engelsk&#8230;<\/a><\/center><img decoding=\"async\" class=\"aligncenter\" src=\"http:\/\/shkoder.net\/images\/kalaja1.jpg\" width=\"600\" \/><\/p>\n","protected":false},"excerpt":{"rendered":"<p>Shkodra er centrum for et bagland beboet uafbrudt, hvor der er fundet spor, siden \u00c6ldste stenalder (Old Stone) medium, og siden yngre stenalder (New Stone) igangv\u00e6rende udgravninger har afsl\u00f8ret livsstil, der kommer op til i dag. I f\u00f8dderne af Tepes bakker, p\u00e5 den sydlige side af byen i dag, begynder ark\u00e6ologiske materiale til \u00e6ldre bronzealder [&hellip;]<\/p>\n","protected":false},"author":1,"featured_media":330,"parent":0,"menu_order":0,"comment_status":"open","ping_status":"open","template":"","meta":{"footnotes":""},"class_list":["post-9","page","type-page","status-publish","has-post-thumbnail"],"_links":{"self":[{"href":"https:\/\/shkoder.net\/dk\/wp-json\/wp\/v2\/pages\/9","targetHints":{"allow":["GET"]}}],"collection":[{"href":"https:\/\/shkoder.net\/dk\/wp-json\/wp\/v2\/pages"}],"about":[{"href":"https:\/\/shkoder.net\/dk\/wp-json\/wp\/v2\/types\/page"}],"author":[{"embeddable":true,"href":"https:\/\/shkoder.net\/dk\/wp-json\/wp\/v2\/users\/1"}],"replies":[{"embeddable":true,"href":"https:\/\/shkoder.net\/dk\/wp-json\/wp\/v2\/comments?post=9"}],"version-history":[{"count":5,"href":"https:\/\/shkoder.net\/dk\/wp-json\/wp\/v2\/pages\/9\/revisions"}],"predecessor-version":[{"id":331,"href":"https:\/\/shkoder.net\/dk\/wp-json\/wp\/v2\/pages\/9\/revisions\/331"}],"wp:featuredmedia":[{"embeddable":true,"href":"https:\/\/shkoder.net\/dk\/wp-json\/wp\/v2\/media\/330"}],"wp:attachment":[{"href":"https:\/\/shkoder.net\/dk\/wp-json\/wp\/v2\/media?parent=9"}],"curies":[{"name":"wp","href":"https:\/\/api.w.org\/{rel}","templated":true}]}}