{"id":7,"date":"2014-11-12T08:13:44","date_gmt":"2014-11-12T08:13:44","guid":{"rendered":"http:\/\/shkoder.net\/go\/dk\/?page_id=2"},"modified":"2020-09-27T11:41:50","modified_gmt":"2020-09-27T09:41:50","slug":"ytrings-frighed","status":"publish","type":"page","link":"https:\/\/shkoder.net\/dk\/ytrings-frighed\/","title":{"rendered":"Ytrings Frighed"},"content":{"rendered":"<p>\u00bb\u00bb Jeg beder dem om at surfe til [ <a href=\"http:\/\/www.fjala.info\/\" target=\"_blank\" rel=\"noopener noreferrer\"><b>FJALA e LIR\u00cb<\/b><\/a> ] (<em>Fri Tale<\/em>) (<em>till\u00e6g p\u00e5 Shkoder.net&#8230; med daglige publikationer &#8211; de meste p\u00e5 albansk<\/em>)<\/p>\n<p><img decoding=\"async\" class=\"alignleft size-thumbnail wp-image-7236\" title=\"Bes\u00f8g Fjala e Lir\u00eb\" src=\"http:\/\/www.shkoder.net\/arben_cokaj.jpg\" alt=\"\" width=\"100\" \/> <a href=\"http:\/\/www.fjala.info\/\" target=\"_blank\" rel=\"noopener noreferrer\"><b>Ytringsfrihed<\/b><\/a>\u00a0er en hjemmeside som handler om publikationer vedr.\u00a0<em>skrifter<\/em>, <em>kommentarer<\/em>, <em>udtalelser<\/em>\u00a0og forskellige <em>analyse<\/em>, med national karakter og andre skrifter, med en social og albansk interesse.<\/p>\n<p>Skrifter kan sendes p\u00e5 vores e-mail-adresse (herunder) fra vores medarbejdere, men vi kan udgive ogs\u00e5 forskellige skrifter fra dagspressen &amp; medier. Kontakt os ogs\u00e5 ved hj\u00e6lp af denne <a href=\"http:\/\/shkoder.net\/go\/en\/?p=26\">Kontaktformular<\/a> eller E-mail: <a href=\"mailto:info@fjala.info\"><b>info<\/b> at <b>fjala.info<\/b><\/a><\/p>\n<p><b>Ytringsfrihed<\/b>\u00a0er skabt p\u00e5 grundlag af den mest kraftfulde platform af semantisk Publikationer som\u00a0<a href=\"http:\/\/www.wordpress.org\/\" target=\"_blank\" rel=\"noopener noreferrer\">WordPress<\/a>.<\/p>\n<blockquote><p><b>WordPress<\/b>\u00a0er ogs\u00e5 oversat til albansk. Der er en officiel overs\u00e6ttelse p\u00e5\u00a0<a href=\"http:\/\/www.WordPress.org\" target=\"_blank\" rel=\"noopener noreferrer\">WordPress.org<\/a>, der er ikke s\u00e5dan en god kvalitet overs\u00e6ttelse p\u00e5albansk, men du kan lige s\u00e5 godt downloade vores overs\u00e6ttelse, fra vores hjemmeside: <a href=\"http:\/\/www.bmconline.info\/\" target=\"_blank\" rel=\"noopener noreferrer\">BMC online<\/a>.<\/p><\/blockquote>\n<p><center>Med venlig hilsen,<br \/>\n<b>Arben \u00c7okaj<\/b><br \/>\nAdministrator<\/center>&nbsp;<\/p>\n<p><img decoding=\"async\" class=\"aligncenter\" src=\"http:\/\/shkoder.net\/images\/shkodra\/shkoder_pamje.jpg\" width=\"600\" \/><\/p>\n","protected":false},"excerpt":{"rendered":"<p>\u00bb\u00bb Jeg beder dem om at surfe til [ FJALA e LIR\u00cb ] (Fri Tale) (till\u00e6g p\u00e5 Shkoder.net&#8230; med daglige publikationer &#8211; de meste p\u00e5 albansk) Ytringsfrihed\u00a0er en hjemmeside som handler om publikationer vedr.\u00a0skrifter, kommentarer, udtalelser\u00a0og forskellige analyse, med national karakter og andre skrifter, med en social og albansk interesse. Skrifter kan sendes p\u00e5 vores [&hellip;]<\/p>\n","protected":false},"author":1,"featured_media":344,"parent":0,"menu_order":0,"comment_status":"open","ping_status":"open","template":"","meta":{"footnotes":""},"class_list":["post-7","page","type-page","status-publish","has-post-thumbnail"],"_links":{"self":[{"href":"https:\/\/shkoder.net\/dk\/wp-json\/wp\/v2\/pages\/7","targetHints":{"allow":["GET"]}}],"collection":[{"href":"https:\/\/shkoder.net\/dk\/wp-json\/wp\/v2\/pages"}],"about":[{"href":"https:\/\/shkoder.net\/dk\/wp-json\/wp\/v2\/types\/page"}],"author":[{"embeddable":true,"href":"https:\/\/shkoder.net\/dk\/wp-json\/wp\/v2\/users\/1"}],"replies":[{"embeddable":true,"href":"https:\/\/shkoder.net\/dk\/wp-json\/wp\/v2\/comments?post=7"}],"version-history":[{"count":8,"href":"https:\/\/shkoder.net\/dk\/wp-json\/wp\/v2\/pages\/7\/revisions"}],"predecessor-version":[{"id":345,"href":"https:\/\/shkoder.net\/dk\/wp-json\/wp\/v2\/pages\/7\/revisions\/345"}],"wp:featuredmedia":[{"embeddable":true,"href":"https:\/\/shkoder.net\/dk\/wp-json\/wp\/v2\/media\/344"}],"wp:attachment":[{"href":"https:\/\/shkoder.net\/dk\/wp-json\/wp\/v2\/media?parent=7"}],"curies":[{"name":"wp","href":"https:\/\/api.w.org\/{rel}","templated":true}]}}