{"id":21,"date":"2014-11-13T16:14:47","date_gmt":"2014-11-13T15:14:47","guid":{"rendered":"http:\/\/shkoder.net\/go\/dk\/?page_id=21"},"modified":"2020-09-27T11:32:45","modified_gmt":"2020-09-27T09:32:45","slug":"idraet","status":"publish","type":"page","link":"https:\/\/shkoder.net\/dk\/idraet\/","title":{"rendered":"Idr\u00e6t"},"content":{"rendered":"<p><img decoding=\"async\" src=\"http:\/\/www.shkoder.net\/images\/ks_vllaznia_shkoder_logo.png\" alt=\"Vllaznia af Shkodra\" width=\"120\" align=\"right\" border=\"0\" hspace=\"10\" \/>Fodboldklub &#8220;<a href=\"http:\/\/www.vllaznia.al\/\" target=\"_blank\" rel=\"noopener noreferrer\">Vllaznia<\/a>&#8220;, er navnet p\u00e5 fodboldhold \/ sportklub i Shkodra. FC Vllaznia var ni gange mester i den albanske League og har vundet seks gange den Nationale Cup. Den ultimative succes var i slutningen af s\u00e6sonen 2007-2008, efter 21 \u00e5rs fiasko. Vllaznia spiller p\u00e5 &#8216;Loro Bori\u00e7i&#8217; stadion&#8230;<\/p>\n<p><center>| <a href=\"http:\/\/shkoder.net\/sport\/\">mere p\u00e5 Albansk&#8230;<\/a><\/center><img decoding=\"async\" class=\"aligncenter\" src=\"http:\/\/shkoder.net\/images\/stadiumi_loro_borici.jpg\" width=\"600\" \/><\/p>\n","protected":false},"excerpt":{"rendered":"<p>Fodboldklub &#8220;Vllaznia&#8220;, er navnet p\u00e5 fodboldhold \/ sportklub i Shkodra. FC Vllaznia var ni gange mester i den albanske League og har vundet seks gange den Nationale Cup. Den ultimative succes var i slutningen af s\u00e6sonen 2007-2008, efter 21 \u00e5rs fiasko. Vllaznia spiller p\u00e5 &#8216;Loro Bori\u00e7i&#8217; stadion&#8230; | mere p\u00e5 Albansk&#8230;<\/p>\n","protected":false},"author":1,"featured_media":332,"parent":0,"menu_order":0,"comment_status":"open","ping_status":"open","template":"","meta":{"footnotes":""},"class_list":["post-21","page","type-page","status-publish","has-post-thumbnail"],"_links":{"self":[{"href":"https:\/\/shkoder.net\/dk\/wp-json\/wp\/v2\/pages\/21","targetHints":{"allow":["GET"]}}],"collection":[{"href":"https:\/\/shkoder.net\/dk\/wp-json\/wp\/v2\/pages"}],"about":[{"href":"https:\/\/shkoder.net\/dk\/wp-json\/wp\/v2\/types\/page"}],"author":[{"embeddable":true,"href":"https:\/\/shkoder.net\/dk\/wp-json\/wp\/v2\/users\/1"}],"replies":[{"embeddable":true,"href":"https:\/\/shkoder.net\/dk\/wp-json\/wp\/v2\/comments?post=21"}],"version-history":[{"count":4,"href":"https:\/\/shkoder.net\/dk\/wp-json\/wp\/v2\/pages\/21\/revisions"}],"predecessor-version":[{"id":334,"href":"https:\/\/shkoder.net\/dk\/wp-json\/wp\/v2\/pages\/21\/revisions\/334"}],"wp:featuredmedia":[{"embeddable":true,"href":"https:\/\/shkoder.net\/dk\/wp-json\/wp\/v2\/media\/332"}],"wp:attachment":[{"href":"https:\/\/shkoder.net\/dk\/wp-json\/wp\/v2\/media?parent=21"}],"curies":[{"name":"wp","href":"https:\/\/api.w.org\/{rel}","templated":true}]}}