{"id":19,"date":"2014-11-13T16:13:23","date_gmt":"2014-11-13T15:13:23","guid":{"rendered":"http:\/\/shkoder.net\/go\/dk\/?page_id=19"},"modified":"2020-09-27T11:34:19","modified_gmt":"2020-09-27T09:34:19","slug":"information","status":"publish","type":"page","link":"https:\/\/shkoder.net\/dk\/information\/","title":{"rendered":"Information"},"content":{"rendered":"<p><img decoding=\"async\" src=\"http:\/\/www.shkoder.net\/images\/shkodra\/district.gif\" alt=\"Shkodra Amt\" width=\"120\" align=\"right\" border=\"1\" hspace=\"10\" \/><a href=\"http:\/\/shkoder.net\/go\/en\/?page_id=21\">Shkodra Amt<\/a> best\u00e5r af Shkodra distriktet, Highland og Puka. Amtets formand har hoveds\u00e6de i pr\u00e6fektur bygningen, hvor de folkevalgte byr\u00e5dsmedlemmer er fra forskellige omr\u00e5der. Shkodra Amtet er blandt de st\u00f8rste i Albanien&#8230;<\/p>\n<p><center>| <a href=\"http:\/\/shkoder.net\/en\/?page_id=21\">mere p\u00e5 Engelsk&#8230;<\/a><\/center>&nbsp;<\/p>\n<p><img decoding=\"async\" class=\"aligncenter\" src=\"http:\/\/shkoder.net\/images\/prefektura.jpg\" width=\"600\" \/><\/p>\n","protected":false},"excerpt":{"rendered":"<p>Shkodra Amt best\u00e5r af Shkodra distriktet, Highland og Puka. Amtets formand har hoveds\u00e6de i pr\u00e6fektur bygningen, hvor de folkevalgte byr\u00e5dsmedlemmer er fra forskellige omr\u00e5der. Shkodra Amtet er blandt de st\u00f8rste i Albanien&#8230; | mere p\u00e5 Engelsk&#8230;&nbsp;<\/p>\n","protected":false},"author":1,"featured_media":335,"parent":0,"menu_order":0,"comment_status":"open","ping_status":"open","template":"","meta":{"footnotes":""},"class_list":["post-19","page","type-page","status-publish","has-post-thumbnail"],"_links":{"self":[{"href":"https:\/\/shkoder.net\/dk\/wp-json\/wp\/v2\/pages\/19","targetHints":{"allow":["GET"]}}],"collection":[{"href":"https:\/\/shkoder.net\/dk\/wp-json\/wp\/v2\/pages"}],"about":[{"href":"https:\/\/shkoder.net\/dk\/wp-json\/wp\/v2\/types\/page"}],"author":[{"embeddable":true,"href":"https:\/\/shkoder.net\/dk\/wp-json\/wp\/v2\/users\/1"}],"replies":[{"embeddable":true,"href":"https:\/\/shkoder.net\/dk\/wp-json\/wp\/v2\/comments?post=19"}],"version-history":[{"count":5,"href":"https:\/\/shkoder.net\/dk\/wp-json\/wp\/v2\/pages\/19\/revisions"}],"predecessor-version":[{"id":336,"href":"https:\/\/shkoder.net\/dk\/wp-json\/wp\/v2\/pages\/19\/revisions\/336"}],"wp:featuredmedia":[{"embeddable":true,"href":"https:\/\/shkoder.net\/dk\/wp-json\/wp\/v2\/media\/335"}],"wp:attachment":[{"href":"https:\/\/shkoder.net\/dk\/wp-json\/wp\/v2\/media?parent=19"}],"curies":[{"name":"wp","href":"https:\/\/api.w.org\/{rel}","templated":true}]}}