{"id":17,"date":"2014-11-13T16:11:59","date_gmt":"2014-11-13T15:11:59","guid":{"rendered":"http:\/\/shkoder.net\/go\/dk\/?page_id=17"},"modified":"2020-09-27T11:39:11","modified_gmt":"2020-09-27T09:39:11","slug":"rejse","status":"publish","type":"page","link":"https:\/\/shkoder.net\/dk\/rejse\/","title":{"rendered":"Rejse"},"content":{"rendered":"<p><img decoding=\"async\" src=\"http:\/\/www.shkoder.net\/images\/shkodra\/plazhi_velipoje.jpg\" alt=\"Velipoja strand\" width=\"150\" align=\"right\" hspace=\"10\" \/>Shkodra Amt er en interessant og misundelsesv\u00e6rdig destination, som er begyndt at tiltr\u00e6kke opm\u00e6rksomhed af udenlandske turister, is\u00e6r efter \u00e5bningen af \u200b\u200bAlbanien fra kommunistiske isolation i 1990.<\/p>\n<p>Vi kan n\u00e6vne her <em>Velipoja Strand<\/em>, <em>slottet Rozafa<\/em> og bjerg resorts i <em>Razem<\/em> og <em>Theth<\/em>. Shkodra distrikt tilbyder p\u00e5 denne m\u00e5de <em>sommer<\/em> og <em>vinter turisme<\/em>, samt <em>kulturturisme<\/em>&#8230;<\/p>\n<p><center>| <a href=\"http:\/\/shkoder.net\/en\/?page_id=37\">mere p\u00e5 Engelsk&#8230;<\/a><\/center>&nbsp;<\/p>\n<p><img decoding=\"async\" class=\"aligncenter\" src=\"http:\/\/shkoder.net\/images\/thethi.jpg\" width=\"600\" \/><\/p>\n","protected":false},"excerpt":{"rendered":"<p>Shkodra Amt er en interessant og misundelsesv\u00e6rdig destination, som er begyndt at tiltr\u00e6kke opm\u00e6rksomhed af udenlandske turister, is\u00e6r efter \u00e5bningen af \u200b\u200bAlbanien fra kommunistiske isolation i 1990. Vi kan n\u00e6vne her Velipoja Strand, slottet Rozafa og bjerg resorts i Razem og Theth. Shkodra distrikt tilbyder p\u00e5 denne m\u00e5de sommer og vinter turisme, samt kulturturisme&#8230; | [&hellip;]<\/p>\n","protected":false},"author":1,"featured_media":342,"parent":0,"menu_order":0,"comment_status":"open","ping_status":"open","template":"","meta":{"footnotes":""},"class_list":["post-17","page","type-page","status-publish","has-post-thumbnail"],"_links":{"self":[{"href":"https:\/\/shkoder.net\/dk\/wp-json\/wp\/v2\/pages\/17","targetHints":{"allow":["GET"]}}],"collection":[{"href":"https:\/\/shkoder.net\/dk\/wp-json\/wp\/v2\/pages"}],"about":[{"href":"https:\/\/shkoder.net\/dk\/wp-json\/wp\/v2\/types\/page"}],"author":[{"embeddable":true,"href":"https:\/\/shkoder.net\/dk\/wp-json\/wp\/v2\/users\/1"}],"replies":[{"embeddable":true,"href":"https:\/\/shkoder.net\/dk\/wp-json\/wp\/v2\/comments?post=17"}],"version-history":[{"count":5,"href":"https:\/\/shkoder.net\/dk\/wp-json\/wp\/v2\/pages\/17\/revisions"}],"predecessor-version":[{"id":343,"href":"https:\/\/shkoder.net\/dk\/wp-json\/wp\/v2\/pages\/17\/revisions\/343"}],"wp:featuredmedia":[{"embeddable":true,"href":"https:\/\/shkoder.net\/dk\/wp-json\/wp\/v2\/media\/342"}],"wp:attachment":[{"href":"https:\/\/shkoder.net\/dk\/wp-json\/wp\/v2\/media?parent=17"}],"curies":[{"name":"wp","href":"https:\/\/api.w.org\/{rel}","templated":true}]}}