{"id":11,"date":"2014-11-13T16:07:01","date_gmt":"2014-11-13T15:07:01","guid":{"rendered":"http:\/\/shkoder.net\/go\/dk\/?page_id=11"},"modified":"2020-09-27T11:38:08","modified_gmt":"2020-09-27T09:38:08","slug":"litteratur","status":"publish","type":"page","link":"https:\/\/shkoder.net\/dk\/litteratur\/","title":{"rendered":"Litteratur"},"content":{"rendered":"<p><img decoding=\"async\" src=\"http:\/\/www.shkoder.net\/images\/shkodra\/marinaj.png\" alt=\"Gjek\u00eb Marinaj\" width=\"120\" align=\"left\" border=\"0\" hspace=\"10\" \/> Albansk litteratur arver en rig fond af v\u00e6rdier af forfattere fra Shkodra. Siden <a href=\"http:\/\/shkoder.net\/barleti\/\">Marin Barletius<\/a>, National ren\u00e6ssance, under Anden Verdenskrig, indtil i dag med nutidige forfattere som <a href=\"http:\/\/shkoder.net\/en\/?p=145\">Gjek\u00eb Marinaj<\/a>, mv. Shkodra forfattere og digtere har givet et v\u00e6sentligt bidrag til at berige \u00e5nden af albanerne og national bevidsthed.<\/p>\n<p>Vigtigt sted har pr\u00e6ster fra ren\u00e6ssancen, de mennesker, der plantede k\u00e6rligheden til f\u00e6drelandet. Men i dag har vi talentfulde forfattere fra Shkodra, ogs\u00e5, som giver bidrag&#8230;<\/p>\n<p><center>| <a href=\"http:\/\/shkoder.net\/en\/?page_id=30\">mere p\u00e5 Engelsk&#8230;<\/a><\/center><img decoding=\"async\" class=\"aligncenter\" src=\"http:\/\/shkoder.net\/images\/shkodra\/lahuta-e-malcis-at-gjergj-fishta.jpg\" width=\"600\" \/><\/p>\n","protected":false},"excerpt":{"rendered":"<p>Albansk litteratur arver en rig fond af v\u00e6rdier af forfattere fra Shkodra. Siden Marin Barletius, National ren\u00e6ssance, under Anden Verdenskrig, indtil i dag med nutidige forfattere som Gjek\u00eb Marinaj, mv. Shkodra forfattere og digtere har givet et v\u00e6sentligt bidrag til at berige \u00e5nden af albanerne og national bevidsthed. Vigtigt sted har pr\u00e6ster fra ren\u00e6ssancen, de [&hellip;]<\/p>\n","protected":false},"author":1,"featured_media":340,"parent":0,"menu_order":0,"comment_status":"open","ping_status":"open","template":"","meta":{"footnotes":""},"class_list":["post-11","page","type-page","status-publish","has-post-thumbnail"],"_links":{"self":[{"href":"https:\/\/shkoder.net\/dk\/wp-json\/wp\/v2\/pages\/11","targetHints":{"allow":["GET"]}}],"collection":[{"href":"https:\/\/shkoder.net\/dk\/wp-json\/wp\/v2\/pages"}],"about":[{"href":"https:\/\/shkoder.net\/dk\/wp-json\/wp\/v2\/types\/page"}],"author":[{"embeddable":true,"href":"https:\/\/shkoder.net\/dk\/wp-json\/wp\/v2\/users\/1"}],"replies":[{"embeddable":true,"href":"https:\/\/shkoder.net\/dk\/wp-json\/wp\/v2\/comments?post=11"}],"version-history":[{"count":4,"href":"https:\/\/shkoder.net\/dk\/wp-json\/wp\/v2\/pages\/11\/revisions"}],"predecessor-version":[{"id":341,"href":"https:\/\/shkoder.net\/dk\/wp-json\/wp\/v2\/pages\/11\/revisions\/341"}],"wp:featuredmedia":[{"embeddable":true,"href":"https:\/\/shkoder.net\/dk\/wp-json\/wp\/v2\/media\/340"}],"wp:attachment":[{"href":"https:\/\/shkoder.net\/dk\/wp-json\/wp\/v2\/media?parent=11"}],"curies":[{"name":"wp","href":"https:\/\/api.w.org\/{rel}","templated":true}]}}