{"id":7,"date":"2014-11-12T07:48:22","date_gmt":"2014-11-12T07:48:22","guid":{"rendered":"http:\/\/shkoder.net\/go\/de\/?page_id=2"},"modified":"2020-09-27T13:14:18","modified_gmt":"2020-09-27T11:14:18","slug":"beispiel-seite-2","status":"publish","type":"page","link":"https:\/\/shkoder.net\/de\/beispiel-seite-2\/","title":{"rendered":"Meinungsfreiheit"},"content":{"rendered":"<p>\u00bb\u00bb Bitte gehen Sie zu [ <a href=\"http:\/\/www.fjala.info\/\" target=\"_blank\" rel=\"noopener noreferrer\"><b>FJALA e LIR\u00cb<\/b><\/a> ] (<em>Meinungsfreiheit<\/em>) (<em>suplement von\u00a0Shkoder.net&#8230; mit t\u00e4glichen Ausgaben &#8211; vor allem in Albanisch<\/em>)<\/p>\n<p><img decoding=\"async\" class=\"alignleft size-thumbnail wp-image-7236\" title=\"Visit Fjala e Lir\u00eb\" src=\"http:\/\/www.shkoder.net\/arben_cokaj.jpg\" alt=\"\" width=\"100\" \/> <a href=\"http:\/\/www.fjala.info\/\" target=\"_blank\" rel=\"noopener noreferrer\"><b>Meinungsfreiheit<\/b><\/a>\u00a0ist eine Website, die mit den Ver\u00f6ffentlichungen angeht <em>Schriften<\/em>, <em>Kommentare<\/em>, <em>Meinungen<\/em> und verschiedene <em>Analyse<\/em>, mit nationalen Charakter und andere Schriften, mit einer sozialen und albanischen Interesse hat zu tun.<\/p>\n<p>Schriften kann auf unserer E-Mail-Adresse (unten) durch unsere Mitarbeiter geschickt werden, aber wir k\u00f6nnen auch verschiedene Schriften aus der Tagespresse und Medien hier ver\u00f6ffentlichen. Bitte, <a href=\"http:\/\/shkoder.net\/en\/?page_id=26\">klicken Sie hier<\/a>, um uns zu kontaktieren oder E-Mail schicken: <a href=\"mailto:info@fjala.info\"><b>info<\/b> at <b>fjala.info<\/b><\/a><\/p>\n<p><b>Meinungsfreiheit<\/b>\u00a0erstellt auf der Grundlage der m\u00e4chtigste Plattform von Semantic Publikationen <a href=\"http:\/\/www.wordpress.org\/\" target=\"_blank\" rel=\"noopener noreferrer\">WordPress<\/a>.<\/p>\n<blockquote><p><b>WordPress<\/b>\u00a0wird auch ins Albanische Sprache \u00fcbersetzt. Es gibt eine offizielle \u00dcbersetzung an\u00a0<a href=\"http:\/\/www.WordPress.org\" target=\"_blank\" rel=\"noopener noreferrer\">WordPress.org<\/a>, die nicht so eine gute Qualit\u00e4t \u00dcbersetzung im Albanisch sind, aber Sie k\u00f6nnen unsere \u00dcbersetzungs sowie Download von unserer Website auch: <a href=\"http:\/\/www.bmconline.info\/\" target=\"_blank\" rel=\"noopener noreferrer\">BMC online<\/a>.<\/p><\/blockquote>\n<p><center>Mit freundlichen Gr\u00fc\u03b2en,<br \/>\n<b>Arben \u00c7okaj<\/b><br \/>\nAdministrator<\/center><img decoding=\"async\" class=\"aligncenter\" src=\"http:\/\/shkoder.net\/images\/shkodra\/shkoder_pamje.jpg\" width=\"600\" \/><\/p>\n","protected":false},"excerpt":{"rendered":"<p>\u00bb\u00bb Bitte gehen Sie zu [ FJALA e LIR\u00cb ] (Meinungsfreiheit) (suplement von\u00a0Shkoder.net&#8230; mit t\u00e4glichen Ausgaben &#8211; vor allem in Albanisch) Meinungsfreiheit\u00a0ist eine Website, die mit den Ver\u00f6ffentlichungen angeht Schriften, Kommentare, Meinungen und verschiedene Analyse, mit nationalen Charakter und andere Schriften, mit einer sozialen und albanischen Interesse hat zu tun. Schriften kann auf unserer E-Mail-Adresse [&hellip;]<\/p>\n","protected":false},"author":1,"featured_media":455,"parent":0,"menu_order":0,"comment_status":"open","ping_status":"open","template":"","meta":{"footnotes":""},"class_list":["post-7","page","type-page","status-publish","has-post-thumbnail"],"_links":{"self":[{"href":"https:\/\/shkoder.net\/de\/wp-json\/wp\/v2\/pages\/7","targetHints":{"allow":["GET"]}}],"collection":[{"href":"https:\/\/shkoder.net\/de\/wp-json\/wp\/v2\/pages"}],"about":[{"href":"https:\/\/shkoder.net\/de\/wp-json\/wp\/v2\/types\/page"}],"author":[{"embeddable":true,"href":"https:\/\/shkoder.net\/de\/wp-json\/wp\/v2\/users\/1"}],"replies":[{"embeddable":true,"href":"https:\/\/shkoder.net\/de\/wp-json\/wp\/v2\/comments?post=7"}],"version-history":[{"count":4,"href":"https:\/\/shkoder.net\/de\/wp-json\/wp\/v2\/pages\/7\/revisions"}],"predecessor-version":[{"id":457,"href":"https:\/\/shkoder.net\/de\/wp-json\/wp\/v2\/pages\/7\/revisions\/457"}],"wp:featuredmedia":[{"embeddable":true,"href":"https:\/\/shkoder.net\/de\/wp-json\/wp\/v2\/media\/455"}],"wp:attachment":[{"href":"https:\/\/shkoder.net\/de\/wp-json\/wp\/v2\/media?parent=7"}],"curies":[{"name":"wp","href":"https:\/\/api.w.org\/{rel}","templated":true}]}}