{"id":17,"date":"2014-11-13T17:25:10","date_gmt":"2014-11-13T16:25:10","guid":{"rendered":"http:\/\/shkoder.net\/go\/de\/?page_id=17"},"modified":"2020-09-27T13:16:46","modified_gmt":"2020-09-27T11:16:46","slug":"reisen","status":"publish","type":"page","link":"https:\/\/shkoder.net\/de\/reisen\/","title":{"rendered":"Reisen"},"content":{"rendered":"<p><img decoding=\"async\" src=\"http:\/\/www.shkoder.net\/images\/shkodra\/plazhi_velipoje.jpg\" alt=\"Plazhi i Velipoj\u00ebs\" width=\"120\" align=\"right\" hspace=\"10\" \/> <a href=\"http:\/\/shkoder.net\/en\/?p=120\">Shkodra Landkreis<\/a> ist eine interessante Destination-Resort, die damit begonnen hat, die Aufmerksamkeit der ausl\u00e4ndischen Touristen, vor allem nach der Er\u00f6ffnung der von der kommunistischen Albanien Trennung im Jahr 1990. Wir k\u00f6nnen hier zu erw\u00e4hnen <em>Velipoja K\u00fcsten<\/em>, das <em>Schloss Rozafa<\/em> und Berg-Resorts in <em>Razem<\/em> und <em>Theth<\/em>. Shkodra Landkreis bietet so <em>Sommer<\/em>&#8211; und <em>Wintertourismus<\/em>, <em>Kulturtourismus<\/em>&#8230;<\/p>\n<p><center>| <a href=\"http:\/\/shkoder.net\/en\/?page_id=37\">mehr im Englisch&#8230;<\/a><\/center>&nbsp;<\/p>\n<p><img decoding=\"async\" class=\"aligncenter\" src=\"http:\/\/shkoder.net\/images\/thethi.jpg\" width=\"600\" \/><\/p>\n","protected":false},"excerpt":{"rendered":"<p>Shkodra Landkreis ist eine interessante Destination-Resort, die damit begonnen hat, die Aufmerksamkeit der ausl\u00e4ndischen Touristen, vor allem nach der Er\u00f6ffnung der von der kommunistischen Albanien Trennung im Jahr 1990. Wir k\u00f6nnen hier zu erw\u00e4hnen Velipoja K\u00fcsten, das Schloss Rozafa und Berg-Resorts in Razem und Theth. Shkodra Landkreis bietet so Sommer&#8211; und Wintertourismus, Kulturtourismus&#8230; | mehr [&hellip;]<\/p>\n","protected":false},"author":1,"featured_media":458,"parent":0,"menu_order":0,"comment_status":"open","ping_status":"open","template":"","meta":{"footnotes":""},"class_list":["post-17","page","type-page","status-publish","has-post-thumbnail"],"_links":{"self":[{"href":"https:\/\/shkoder.net\/de\/wp-json\/wp\/v2\/pages\/17","targetHints":{"allow":["GET"]}}],"collection":[{"href":"https:\/\/shkoder.net\/de\/wp-json\/wp\/v2\/pages"}],"about":[{"href":"https:\/\/shkoder.net\/de\/wp-json\/wp\/v2\/types\/page"}],"author":[{"embeddable":true,"href":"https:\/\/shkoder.net\/de\/wp-json\/wp\/v2\/users\/1"}],"replies":[{"embeddable":true,"href":"https:\/\/shkoder.net\/de\/wp-json\/wp\/v2\/comments?post=17"}],"version-history":[{"count":2,"href":"https:\/\/shkoder.net\/de\/wp-json\/wp\/v2\/pages\/17\/revisions"}],"predecessor-version":[{"id":459,"href":"https:\/\/shkoder.net\/de\/wp-json\/wp\/v2\/pages\/17\/revisions\/459"}],"wp:featuredmedia":[{"embeddable":true,"href":"https:\/\/shkoder.net\/de\/wp-json\/wp\/v2\/media\/458"}],"wp:attachment":[{"href":"https:\/\/shkoder.net\/de\/wp-json\/wp\/v2\/media?parent=17"}],"curies":[{"name":"wp","href":"https:\/\/api.w.org\/{rel}","templated":true}]}}