{"id":14,"date":"2014-11-13T17:22:48","date_gmt":"2014-11-13T16:22:48","guid":{"rendered":"http:\/\/shkoder.net\/go\/de\/?page_id=14"},"modified":"2020-09-27T12:58:08","modified_gmt":"2020-09-27T10:58:08","slug":"fotografie","status":"publish","type":"page","link":"https:\/\/shkoder.net\/de\/fotografie\/","title":{"rendered":"Fotografie"},"content":{"rendered":"<p><img decoding=\"async\" src=\"http:\/\/www.shkoder.net\/images\/shkodra\/marubip.gif\" alt=\"Pjetro Marubi\" width=\"120\" align=\"left\" border=\"0\" hspace=\"10\" vspace=\"10\" \/><a href=\"http:\/\/shkoder.net\/fotografi\/\">Pietro Marubi<\/a> war der erste von Marubi Familie, die die Kunst der Fotografie in Albanien am Ende des 19. Jahrhunderts gebracht. In der Marubi &#8218;phototeka, gibt es etwas 150.000 Negative und Fotos aus verschiedenen Kriegen der Albaner f\u00fcr Freiheit und Unabh\u00e4ngigkeit. Portraits der Zeit, als historische Beweise, wurden urspr\u00fcnglich von Pietro Marubi, italienischen Einwanderers, der in Shkodra leben entschieden werden. Lehrte die Kunst der Fotografie an Kel Kodheli (1870-1940), der nach dem Tod von Pietro, nahm den Nachnamen Marubi&#8230;<\/p>\n<p><center>| <a href=\"http:\/\/shkoder.net\/en\/?page_id=14\">mehr im Englisch&#8230;<\/a><\/center><img decoding=\"async\" class=\"aligncenter\" src=\"http:\/\/shkoder.net\/images\/shkodra\/kel_marubi_with_his_wife.jpg\" width=\"600\" \/><\/p>\n","protected":false},"excerpt":{"rendered":"<p>Pietro Marubi war der erste von Marubi Familie, die die Kunst der Fotografie in Albanien am Ende des 19. Jahrhunderts gebracht. In der Marubi &#8218;phototeka, gibt es etwas 150.000 Negative und Fotos aus verschiedenen Kriegen der Albaner f\u00fcr Freiheit und Unabh\u00e4ngigkeit. Portraits der Zeit, als historische Beweise, wurden urspr\u00fcnglich von Pietro Marubi, italienischen Einwanderers, der [&hellip;]<\/p>\n","protected":false},"author":1,"featured_media":443,"parent":0,"menu_order":0,"comment_status":"open","ping_status":"open","template":"","meta":{"footnotes":""},"class_list":["post-14","page","type-page","status-publish","has-post-thumbnail"],"_links":{"self":[{"href":"https:\/\/shkoder.net\/de\/wp-json\/wp\/v2\/pages\/14","targetHints":{"allow":["GET"]}}],"collection":[{"href":"https:\/\/shkoder.net\/de\/wp-json\/wp\/v2\/pages"}],"about":[{"href":"https:\/\/shkoder.net\/de\/wp-json\/wp\/v2\/types\/page"}],"author":[{"embeddable":true,"href":"https:\/\/shkoder.net\/de\/wp-json\/wp\/v2\/users\/1"}],"replies":[{"embeddable":true,"href":"https:\/\/shkoder.net\/de\/wp-json\/wp\/v2\/comments?post=14"}],"version-history":[{"count":4,"href":"https:\/\/shkoder.net\/de\/wp-json\/wp\/v2\/pages\/14\/revisions"}],"predecessor-version":[{"id":445,"href":"https:\/\/shkoder.net\/de\/wp-json\/wp\/v2\/pages\/14\/revisions\/445"}],"wp:featuredmedia":[{"embeddable":true,"href":"https:\/\/shkoder.net\/de\/wp-json\/wp\/v2\/media\/443"}],"wp:attachment":[{"href":"https:\/\/shkoder.net\/de\/wp-json\/wp\/v2\/media?parent=14"}],"curies":[{"name":"wp","href":"https:\/\/api.w.org\/{rel}","templated":true}]}}