{"id":109,"date":"2014-12-07T09:50:36","date_gmt":"2014-12-07T08:50:36","guid":{"rendered":"http:\/\/shkoder.net\/go\/de\/?page_id=109"},"modified":"2020-09-27T13:07:29","modified_gmt":"2020-09-27T11:07:29","slug":"info","status":"publish","type":"page","link":"https:\/\/shkoder.net\/de\/info\/","title":{"rendered":"Info"},"content":{"rendered":"<h2><strong>Shkodra Landkreis<\/strong><\/h2>\n<p><img decoding=\"async\" src=\"http:\/\/www.shkoder.net\/images\/shkodra\/district.gif\" alt=\"Distretto di Scutari\" width=\"120\" align=\"right\" border=\"1\" hspace=\"10\" vspace=\"10\" \/> <strong>Geschichte<\/strong> Die Geschichte von Shkodra war ein st\u00e4ndiger Kampf f\u00fcr Unabh\u00e4ngigkeit und Selbstbestimmung. Shkodra ist die \u00e4lteste und gr\u00f6\u00dfte Stadt im Norden Albaniens. Es wurde in 4 BC gegr\u00fcndet. In 2 BC. wurde es eine Hauptstadt des illyrischen Reich unter dem Namen Scutari&#8230;<\/p>\n<p><center>| <a href=\"http:\/\/shkoder.net\/en\/?page_id=21\">mehr im Englisch\u2026<\/a><\/center><\/p>\n<p>&nbsp;<\/p>\n<p><img decoding=\"async\" class=\"aligncenter\" src=\"http:\/\/shkoder.net\/images\/prefektura.jpg\" width=\"600\" \/><\/p>\n","protected":false},"excerpt":{"rendered":"<p>Shkodra Landkreis Geschichte Die Geschichte von Shkodra war ein st\u00e4ndiger Kampf f\u00fcr Unabh\u00e4ngigkeit und Selbstbestimmung. Shkodra ist die \u00e4lteste und gr\u00f6\u00dfte Stadt im Norden Albaniens. Es wurde in 4 BC gegr\u00fcndet. In 2 BC. wurde es eine Hauptstadt des illyrischen Reich unter dem Namen Scutari&#8230; | mehr im Englisch\u2026 &nbsp;<\/p>\n","protected":false},"author":1,"featured_media":450,"parent":0,"menu_order":0,"comment_status":"open","ping_status":"open","template":"","meta":{"footnotes":""},"class_list":["post-109","page","type-page","status-publish","has-post-thumbnail"],"_links":{"self":[{"href":"https:\/\/shkoder.net\/de\/wp-json\/wp\/v2\/pages\/109","targetHints":{"allow":["GET"]}}],"collection":[{"href":"https:\/\/shkoder.net\/de\/wp-json\/wp\/v2\/pages"}],"about":[{"href":"https:\/\/shkoder.net\/de\/wp-json\/wp\/v2\/types\/page"}],"author":[{"embeddable":true,"href":"https:\/\/shkoder.net\/de\/wp-json\/wp\/v2\/users\/1"}],"replies":[{"embeddable":true,"href":"https:\/\/shkoder.net\/de\/wp-json\/wp\/v2\/comments?post=109"}],"version-history":[{"count":2,"href":"https:\/\/shkoder.net\/de\/wp-json\/wp\/v2\/pages\/109\/revisions"}],"predecessor-version":[{"id":357,"href":"https:\/\/shkoder.net\/de\/wp-json\/wp\/v2\/pages\/109\/revisions\/357"}],"wp:featuredmedia":[{"embeddable":true,"href":"https:\/\/shkoder.net\/de\/wp-json\/wp\/v2\/media\/450"}],"wp:attachment":[{"href":"https:\/\/shkoder.net\/de\/wp-json\/wp\/v2\/media?parent=109"}],"curies":[{"name":"wp","href":"https:\/\/api.w.org\/{rel}","templated":true}]}}