{"id":10,"date":"2014-11-13T17:20:40","date_gmt":"2014-11-13T16:20:40","guid":{"rendered":"http:\/\/shkoder.net\/go\/de\/?page_id=10"},"modified":"2020-09-27T13:05:57","modified_gmt":"2020-09-27T11:05:57","slug":"geschichte","status":"publish","type":"page","link":"https:\/\/shkoder.net\/de\/geschichte\/","title":{"rendered":"Geschichte"},"content":{"rendered":"<p><img decoding=\"async\" src=\"http:\/\/www.shkoder.net\/images\/athina_qyqe.jpg\" alt=\"Athen - Kuckuck\" width=\"150\" align=\"left\" border=\"0\" hspace=\"10\" vspace=\"10\" \/> Shkodra ist das Zentrum der Hinterland ununterbrochen bewohnt, wo Spuren seit der Altsteinzeit (<em>Altestein<\/em>) Medium gefunden werden, und seit dem Neolithikum (<em>Jungstein<\/em>) Laufende Ausgrabungen haben Lebensstil, der in heute kommt aufgedeckt. In den F\u00fc\u00dfen Tepes H\u00fcgel, auf der s\u00fcdlichen Seite der Stadt heute beginnen arch\u00e4ologische Materialien zur Fr\u00fchbronzezeit (2000 v.Chr.). In der Jahrhundert V-IV v.Chr., der Bau der <a href=\"http:\/\/shkoder.net\/go\/de\/?p=75\">Festung Rozafa<\/a> begann &#8211; die zusammenh\u00e4ngende cyclopean Steine \u200b\u200bohne M\u00f6rtel. Das Schloss liegt auf einem relativ felsigen H\u00fcgel am Eingang der Stadt gelegen, auf einer H\u00f6he von 130 m&#8230;<\/p>\n<p><center>| <a href=\"http:\/\/shkoder.net\/en\/?page_id=16\">mehr im Englisch&#8230;<\/a><\/center><img decoding=\"async\" class=\"aligncenter\" src=\"http:\/\/shkoder.net\/images\/kalaja1.jpg\" width=\"600\" \/><\/p>\n","protected":false},"excerpt":{"rendered":"<p>Shkodra ist das Zentrum der Hinterland ununterbrochen bewohnt, wo Spuren seit der Altsteinzeit (Altestein) Medium gefunden werden, und seit dem Neolithikum (Jungstein) Laufende Ausgrabungen haben Lebensstil, der in heute kommt aufgedeckt. In den F\u00fc\u00dfen Tepes H\u00fcgel, auf der s\u00fcdlichen Seite der Stadt heute beginnen arch\u00e4ologische Materialien zur Fr\u00fchbronzezeit (2000 v.Chr.). In der Jahrhundert V-IV v.Chr., [&hellip;]<\/p>\n","protected":false},"author":1,"featured_media":448,"parent":0,"menu_order":0,"comment_status":"open","ping_status":"open","template":"","meta":{"footnotes":""},"class_list":["post-10","page","type-page","status-publish","has-post-thumbnail"],"_links":{"self":[{"href":"https:\/\/shkoder.net\/de\/wp-json\/wp\/v2\/pages\/10","targetHints":{"allow":["GET"]}}],"collection":[{"href":"https:\/\/shkoder.net\/de\/wp-json\/wp\/v2\/pages"}],"about":[{"href":"https:\/\/shkoder.net\/de\/wp-json\/wp\/v2\/types\/page"}],"author":[{"embeddable":true,"href":"https:\/\/shkoder.net\/de\/wp-json\/wp\/v2\/users\/1"}],"replies":[{"embeddable":true,"href":"https:\/\/shkoder.net\/de\/wp-json\/wp\/v2\/comments?post=10"}],"version-history":[{"count":4,"href":"https:\/\/shkoder.net\/de\/wp-json\/wp\/v2\/pages\/10\/revisions"}],"predecessor-version":[{"id":449,"href":"https:\/\/shkoder.net\/de\/wp-json\/wp\/v2\/pages\/10\/revisions\/449"}],"wp:featuredmedia":[{"embeddable":true,"href":"https:\/\/shkoder.net\/de\/wp-json\/wp\/v2\/media\/448"}],"wp:attachment":[{"href":"https:\/\/shkoder.net\/de\/wp-json\/wp\/v2\/media?parent=10"}],"curies":[{"name":"wp","href":"https:\/\/api.w.org\/{rel}","templated":true}]}}